{"id":16272,"date":"2016-12-28T21:25:55","date_gmt":"2016-12-28T21:25:55","guid":{"rendered":"http:\/\/www.arabtion.net\/?page_id=16272"},"modified":"2016-12-28T21:25:55","modified_gmt":"2016-12-28T21:25:55","slug":"was-wir-bieten","status":"publish","type":"page","link":"https:\/\/uncav-vienna.org\/?page_id=16272","title":{"rendered":"Was wir bieten"},"content":{"rendered":"<p><strong><span lang=\"EN-US\">Was wir bieten<\/span><\/strong><\/p>\n<p><span lang=\"EN-US\"><span style=\"color: #000000; font-family: Calibri;\">Die UNCAV bietet eine internationale Vernetzung mit Organisationen und Institutionen, ein interkulturelles Umfeld,\u00a0 die M\u00f6glichkeit der Teilnahme an Vortr\u00e4gen und Versammlungen, die Teilnahme an Pressef\u00fchrungen, Pressefahrten, Pressekonferenzen, Diskussionsabenden, geselligen Zusammenk\u00fcnften, gemeinsamen Wanderungen und die Herausgabe eines Mitteilungsblattes bzw. E-Mail Dienstes sowie die Weiterentwicklung einer Homepage. Unsere Aufgabe ist es unter anderem auch, f\u00fcr Sie interessante Informationen, die wir von anderen Institutionen bekommen, zu sammeln, aufzubereiten und an Sie weiterzuleiten. Weiters \u00fcbernehmen wir f\u00fcr sie die Planung von Besuchen und F\u00fchrungen u.a. in Medienh\u00e4usern, Kultureinrichtungen, Unternehmen und diversen Organisationen, die eine besondere Affinit\u00e4t zu unserer Arbeit haben. Jedes Mitglied erh\u00e4lt von uns einen Presseausweis im Scheckkartenformat, mit dem alle Organe und Dienststellen der Exekutive angewiesen werden, dem Inhaber dieser Legitimationskarte bei der Durchf\u00fchrung seiner Arbeiten ihre Hilfe angedeihen zu lassen und ihn in seiner Bewegungsfreiheit, soweit es eine Amtshandlung gestattet, nicht zu behindern. Auch die M\u00f6glichkeit der Ausfertigung eines Presse-Autoschildes ist gegeben. Neben dem aktiven Einsatz f\u00fcr den Journalistenberuf stehen exklusive Services und attraktive Angebote in den verschiedensten Bereichen f\u00fcr unsere Mitglieder zur Verf\u00fcgung.<\/span><\/span><\/p>\n","protected":false},"excerpt":{"rendered":"<p>Was wir bieten Die UNCAV bietet eine internationale Vernetzung mit Organisationen und Institutionen, ein interkulturelles Umfeld,\u00a0 die M\u00f6glichkeit der Teilnahme<\/p>\n","protected":false},"author":1,"featured_media":0,"parent":0,"menu_order":0,"comment_status":"closed","ping_status":"closed","template":"","meta":{"footnotes":""},"_links":{"self":[{"href":"https:\/\/uncav-vienna.org\/index.php?rest_route=\/wp\/v2\/pages\/16272"}],"collection":[{"href":"https:\/\/uncav-vienna.org\/index.php?rest_route=\/wp\/v2\/pages"}],"about":[{"href":"https:\/\/uncav-vienna.org\/index.php?rest_route=\/wp\/v2\/types\/page"}],"author":[{"embeddable":true,"href":"https:\/\/uncav-vienna.org\/index.php?rest_route=\/wp\/v2\/users\/1"}],"replies":[{"embeddable":true,"href":"https:\/\/uncav-vienna.org\/index.php?rest_route=%2Fwp%2Fv2%2Fcomments&post=16272"}],"version-history":[{"count":0,"href":"https:\/\/uncav-vienna.org\/index.php?rest_route=\/wp\/v2\/pages\/16272\/revisions"}],"wp:attachment":[{"href":"https:\/\/uncav-vienna.org\/index.php?rest_route=%2Fwp%2Fv2%2Fmedia&parent=16272"}],"curies":[{"name":"wp","href":"https:\/\/api.w.org\/{rel}","templated":true}]}}