{"id":16137,"date":"2016-08-26T14:20:43","date_gmt":"2016-08-26T14:20:43","guid":{"rendered":"http:\/\/www.arabtion.net\/?page_id=16137"},"modified":"2016-08-26T14:20:43","modified_gmt":"2016-08-26T14:20:43","slug":"ziele","status":"publish","type":"page","link":"https:\/\/uncav-vienna.org\/?page_id=16137","title":{"rendered":"Unsere Ziele"},"content":{"rendered":"<p><strong><span lang=\"EN-US\">Unsere Ziele<\/span><\/strong><\/p>\n<p><span lang=\"EN-US\"><span style=\"color: #000000; font-family: Calibri;\">Die UNCAV unterst\u00fctzt Journalisten bei ihren T\u00e4tigkeiten, durch ein umfassendes Informationsangebot und durch kritische Begleitung des gesellschaftlichen und politischen Lebens die Voraussetzungen daf\u00fcr zu schaffen, dass jeder am Prozess der Meinungsbildung teilhaben kann. Wir wollen solidarisches Handeln mit der beruflichen Interessenvertretung verbinden. Wir wollen Pressefreiheit f\u00fcr alle in den Medien Besch\u00e4ftigten und bekennen uns zum Ehrenkodex f\u00fcr die \u00f6sterreichische Presse (Grunds\u00e4tze f\u00fcr die publizistische Arbeit). Wir sind eine basisnahe Organisation, die die Umsetzung der Anliegen ihrer Mitglieder rasch und kompetent vollzieht. Die UNCAV versteht sich als Dienstleister, Solidargemeinschaft und gesellschaftlicher Treffpunkt sowie Drehscheibe f\u00fcr Journalisten und die UNO. Die Vereinigung lebt von der Aktivit\u00e4t seiner Mitglieder, vor allem von der ehrenamtlichen Mitarbeit seiner Mitglieder.<\/span><\/span><\/p>\n<p><span lang=\"EN-US\"><span style=\"color: #000000; font-family: Calibri;\">UNCAV wird sich stetig weiter entwickeln und verbessern, wir bitten Sie dabei auch um Ihre Mitwirkung. Wenn Sie Ideen, Anregungen, W\u00fcnsche oder Beschwerden haben, dann lassen Sie uns das bitte wissen.\u00a0Wir bem\u00fchen uns, Ihrem Anliegen optimal entgegen zu kommen. Mit der Einbindung der UN \u2013 also der United Nations \u2013 in unseren Namen haben wir aber auch eine besondere Verantwortung und Verpflichtung in Bezug auf unsere Arbeit und der Seriosit\u00e4t im\u00a0Umgang mit Partnern und der \u00d6ffentlichkeit \u00fcbernommen.<\/span><\/span><\/p>\n","protected":false},"excerpt":{"rendered":"<p>Unsere Ziele Die UNCAV unterst\u00fctzt Journalisten bei ihren T\u00e4tigkeiten, durch ein umfassendes Informationsangebot und durch kritische Begleitung des gesellschaftlichen und<\/p>\n","protected":false},"author":1,"featured_media":0,"parent":0,"menu_order":0,"comment_status":"closed","ping_status":"closed","template":"","meta":{"footnotes":""},"_links":{"self":[{"href":"https:\/\/uncav-vienna.org\/index.php?rest_route=\/wp\/v2\/pages\/16137"}],"collection":[{"href":"https:\/\/uncav-vienna.org\/index.php?rest_route=\/wp\/v2\/pages"}],"about":[{"href":"https:\/\/uncav-vienna.org\/index.php?rest_route=\/wp\/v2\/types\/page"}],"author":[{"embeddable":true,"href":"https:\/\/uncav-vienna.org\/index.php?rest_route=\/wp\/v2\/users\/1"}],"replies":[{"embeddable":true,"href":"https:\/\/uncav-vienna.org\/index.php?rest_route=%2Fwp%2Fv2%2Fcomments&post=16137"}],"version-history":[{"count":0,"href":"https:\/\/uncav-vienna.org\/index.php?rest_route=\/wp\/v2\/pages\/16137\/revisions"}],"wp:attachment":[{"href":"https:\/\/uncav-vienna.org\/index.php?rest_route=%2Fwp%2Fv2%2Fmedia&parent=16137"}],"curies":[{"name":"wp","href":"https:\/\/api.w.org\/{rel}","templated":true}]}}